{"id":1042,"date":"2025-07-02T13:18:26","date_gmt":"2025-07-02T13:18:26","guid":{"rendered":"https:\/\/companialasoledad.com\/we\/"},"modified":"2026-02-10T11:22:40","modified_gmt":"2026-02-10T11:22:40","slug":"us","status":"publish","type":"page","link":"https:\/\/companialasoledad.com\/en\/us\/","title":{"rendered":"Us"},"content":{"rendered":"<div class=\"fusion-fullwidth fullwidth-box fusion-builder-row-1 fusion-flex-container has-pattern-background has-mask-background hundred-percent-fullwidth non-hundred-percent-height-scrolling\" style=\"--awb-border-radius-top-left:0px;--awb-border-radius-top-right:0px;--awb-border-radius-bottom-right:0px;--awb-border-radius-bottom-left:0px;--awb-flex-wrap:wrap;\" ><div class=\"fusion-builder-row fusion-row fusion-flex-align-items-flex-start fusion-flex-align-content-center fusion-flex-content-wrap\" style=\"width:104% !important;max-width:104% !important;margin-left: calc(-4% \/ 2 );margin-right: calc(-4% \/ 2 );\"><div class=\"fusion-layout-column fusion_builder_column fusion-builder-column-0 fusion_builder_column_1_2 1_2 fusion-flex-column\" style=\"--awb-bg-size:cover;--awb-width-large:50%;--awb-margin-top-large:0px;--awb-spacing-right-large:3.84%;--awb-margin-bottom-large:20px;--awb-spacing-left-large:3.84%;--awb-width-medium:50%;--awb-order-medium:0;--awb-spacing-right-medium:3.84%;--awb-spacing-left-medium:3.84%;--awb-width-small:100%;--awb-order-small:0;--awb-spacing-right-small:1.92%;--awb-spacing-left-small:1.92%;\"><div class=\"fusion-column-wrapper fusion-column-has-shadow fusion-flex-justify-content-flex-start fusion-content-layout-column\"><div class=\"fusion-image-element \" style=\"--awb-caption-title-font-family:var(--h2_typography-font-family);--awb-caption-title-font-weight:var(--h2_typography-font-weight);--awb-caption-title-font-style:var(--h2_typography-font-style);--awb-caption-title-size:var(--h2_typography-font-size);--awb-caption-title-transform:var(--h2_typography-text-transform);--awb-caption-title-line-height:var(--h2_typography-line-height);--awb-caption-title-letter-spacing:var(--h2_typography-letter-spacing);\"><span class=\" fusion-imageframe imageframe-none imageframe-1 hover-type-none\"><img decoding=\"async\" width=\"1000\" height=\"700\" title=\"we-the-loneliness\" src=\"https:\/\/companialasoledad.com\/wp-content\/uploads\/2025\/07\/nosotros-la-soledad.png\" alt class=\"img-responsive wp-image-1023\" srcset=\"https:\/\/companialasoledad.com\/wp-content\/uploads\/2025\/07\/nosotros-la-soledad-200x140.png 200w, https:\/\/companialasoledad.com\/wp-content\/uploads\/2025\/07\/nosotros-la-soledad-400x280.png 400w, https:\/\/companialasoledad.com\/wp-content\/uploads\/2025\/07\/nosotros-la-soledad-600x420.png 600w, https:\/\/companialasoledad.com\/wp-content\/uploads\/2025\/07\/nosotros-la-soledad-800x560.png 800w, https:\/\/companialasoledad.com\/wp-content\/uploads\/2025\/07\/nosotros-la-soledad.png 1000w\" sizes=\"(max-width: 640px) 100vw, 600px\" \/><\/span><\/div><\/div><\/div><div class=\"fusion-layout-column fusion_builder_column fusion-builder-column-1 fusion_builder_column_1_2 1_2 fusion-flex-column fusion-flex-align-self-stretch\" style=\"--awb-bg-size:cover;--awb-width-large:50%;--awb-margin-top-large:0px;--awb-spacing-right-large:3.84%;--awb-margin-bottom-large:20px;--awb-spacing-left-large:3.84%;--awb-width-medium:50%;--awb-order-medium:0;--awb-spacing-right-medium:3.84%;--awb-spacing-left-medium:3.84%;--awb-width-small:100%;--awb-order-small:0;--awb-spacing-right-small:1.92%;--awb-spacing-left-small:1.92%;\"><div class=\"fusion-column-wrapper fusion-column-has-shadow fusion-flex-justify-content-space-evenly fusion-content-layout-column\"><div class=\"fusion-text fusion-text-1\"><p><strong>Marc Caellas<\/strong> and <strong>Esteban Feune de Colombi<\/strong> founded Compa\u00f1\u00eda La Soledad in 2011, an oxymoron they use to connect traveling companies with their own inescapable solitude. For over fifteen years, they have been developing projects in amplified literature, theater, and performance art where texts\u2014poems, manifestos, songs, graffitis\u2014are read and interpreted poetically and playfully, in contact and self-absorption with other disciplines, staging the color, voice, smell, and even the touch of the writing(s).<\/p>\n<p>In their productions, they work with language in relation to the landscape and the local context where the works are created. Each piece generates its own unique structure and leaves several traces: that of the premiered project itself, and another, more subtle and collective, perhaps even more lasting, that encompasses the network of connections woven in the lead-up to the premiere, hybridizing disciplines and knowledge, platforms and languages, borrowing and bartering.<\/p>\n<p>Among other theaters, museums, and festivals, her works have been seen at Centre de les Arts Lliures Espai Brossa, Antic Teatre, Museu T\u00e0pies, and MNAC (Barcelona); Conde Duque, Matadero, Teatro del Barrio, and C\u00edrculo de Bellas Artes (Madrid); Festival TNT (Terrassa); Festival Meet You (Valladolid); Festival Iberoamericano de Teatro (C\u00e1diz); Berliner Festspiele (Berlin); Teatro Ode\u00f3n and Centro Cultural Garc\u00eda M\u00e1rquez (Bogot\u00e1); Malba, Fundaci\u00f3n TEM, and Museo de Bellas Artes (Buenos Aires); Teatro S\u00e3o Luiz (Lisbon); Bienal Teatro (S\u00e3o Paulo); Es Baluard and Casa Planas (Mallorca); The Wild Detectives (Dallas); Cidade da Cultura (Santiago de Compostela); MUSAC (Le\u00f3n); Museo del Chopo and Galer\u00eda Jos\u00e9 Garc\u00eda (Mexico City); Centro Cultural Tierraluna and El Tel\u00f3n (Xalapa); CCE Santiago (Santiago, Chile); CCE Lima (Lima); and CCE La Paz (La Paz). In addition, they both write, jointly or collaboratively, books published by houses such as Caja Negra, La U\u00f1a Rota, Anagrama, Melusina, Planeta, Menguantes, and Seix Barral.<\/p>\n<\/div><a class=\"fb-icon-element-1 fb-icon-element fontawesome-icon fa-play-circle fas circle-yes fusion-text-flow fusion-link\" style=\"--awb-circlecolor-hover:#ff0000;--awb-circlebordercolor:var(--awb-color1);--awb-circlebordercolor-hover:var(--awb-color1);--awb-circlebordersize:1px;--awb-font-size:35.2px;--awb-width:70.4px;--awb-height:70.4px;--awb-line-height:68.4px;--awb-margin-right:20px;\" href=\"https:\/\/www.youtube.com\/watch?v=5AI-nYMsVnk&amp;ab_channel=Fundaci%C3%B3nCa%C3%B1adaBlanch\" aria-label=\"Link to https:\/\/www.youtube.com\/watch?v=5AI-nYMsVnk&#038;ab_channel=Fundaci%C3%B3nCa%C3%B1adaBlanch\" target=\"_blank\" rel=\"noopener noreferrer\"><\/a><\/div><\/div><\/div><\/div>\n","protected":false},"excerpt":{"rendered":"","protected":false},"author":1,"featured_media":0,"parent":0,"menu_order":0,"comment_status":"closed","ping_status":"closed","template":"100-width.php","meta":{"footnotes":""},"class_list":["post-1042","page","type-page","status-publish","hentry"],"_links":{"self":[{"href":"https:\/\/companialasoledad.com\/en\/wp-json\/wp\/v2\/pages\/1042","targetHints":{"allow":["GET"]}}],"collection":[{"href":"https:\/\/companialasoledad.com\/en\/wp-json\/wp\/v2\/pages"}],"about":[{"href":"https:\/\/companialasoledad.com\/en\/wp-json\/wp\/v2\/types\/page"}],"author":[{"embeddable":true,"href":"https:\/\/companialasoledad.com\/en\/wp-json\/wp\/v2\/users\/1"}],"replies":[{"embeddable":true,"href":"https:\/\/companialasoledad.com\/en\/wp-json\/wp\/v2\/comments?post=1042"}],"version-history":[{"count":9,"href":"https:\/\/companialasoledad.com\/en\/wp-json\/wp\/v2\/pages\/1042\/revisions"}],"predecessor-version":[{"id":1911,"href":"https:\/\/companialasoledad.com\/en\/wp-json\/wp\/v2\/pages\/1042\/revisions\/1911"}],"wp:attachment":[{"href":"https:\/\/companialasoledad.com\/en\/wp-json\/wp\/v2\/media?parent=1042"}],"curies":[{"name":"wp","href":"https:\/\/api.w.org\/{rel}","templated":true}]}}